{"id":18,"date":"2021-06-16T12:34:08","date_gmt":"2021-06-16T10:34:08","guid":{"rendered":"https:\/\/wp.sprachtherapie-duisburg.de\/?page_id=18"},"modified":"2023-07-09T11:44:17","modified_gmt":"2023-07-09T09:44:17","slug":"impressum","status":"publish","type":"page","link":"https:\/\/wp.sprachtherapie-duisburg.de\/aktuelles\/impressum\/","title":{"rendered":"Impressum"},"content":{"rendered":"[vc_row][vc_column][vc_column_text]\r\n<p><strong>Angaben gem\u00e4\u00df \u00a7 5 TMG<\/strong><\/p>\r\n\r\n<p>Logop\u00e4die Oehm &amp; Sommer<br \/>Prinzenstra\u00dfe 5<br \/>47179 Duisburg<\/p>\r\n\r\n<p><strong>Vertreten durch:<\/strong><\/p>\r\n\r\n<p>Ulrike Oehm<br \/>Claudia Kettler-Sommer<\/p>\r\n\r\n<p><strong>Kontakt<\/strong><\/p>\r\n\r\n<p>Telefon: +49 203 405090<br \/>Telefax: +49 203 5558670<br \/>E-Mail: <a href=\"https:\/\/wp.sprachtherapie-duisburg.de\/aktuelles\/contact\/\"  class=\"mailcrypt\">info<span><span>\u2202<\/span><\/span>sprachtherapie-duisburg.de<\/a><\/p>\r\n\r\n<p><strong>Aufsichtsbeh\u00f6rde<\/strong><\/p>\r\n\r\n<p>Land Nordrhein-Westfalen Staatskanzlei des Landes Nordrhein-Westfalen<br \/>Horionplatz 1<br \/>40213 D\u00fcsseldorf<br \/>Deutschland<\/p>\r\n\r\n<p>&nbsp;<\/p>\r\n\r\n<p class=\"wp-block-paragraph\">&nbsp;<\/p>\r\n\r\n<p><strong>Berufsbezeichnung und berufsrechtliche Regelungen<\/strong><\/p>\r\n\r\n<p>Berufsbezeichnung: Logop\u00e4de<\/p>\r\n\r\n<p>Zust\u00e4ndige Kammer:<br \/>Land Nordrhein-Westfalen Staatskanzlei des Landes Nordrhein-Westfalen<br \/>Horionplatz 1<br \/>40213 D\u00fcsseldorf<br \/>Deutschland<\/p>\r\n\r\n<p>&nbsp;<\/p>\r\n\r\n<p class=\"wp-block-paragraph\">&nbsp;<\/p>\r\n\r\n<p>Verliehen in: Deutschland<\/p>\r\n\r\n<p>Es gelten folgende berufsrechtliche Regelungen:<\/p>\r\n\r\n<p><strong>Angaben zur Berufshaftpflichtversicherung<\/strong><\/p>\r\n\r\n<p><strong>Name und Sitz des Versicherers:<\/strong><\/p>\r\n\r\n<p>DEVK<br \/>Riehler Stra\u00dfe 190<br \/>50735 K\u00f6ln<\/p>\r\n\r\n<p><strong>Geltungsraum der Versicherung:<\/strong><\/p>\r\n\r\n<p>Deutschland<\/p>\r\n\r\n<p><strong>Verbraucherstreitbeilegung\/Universalschlichtungsstelle<\/strong><\/p>\r\n\r\n<p>Wir sind nicht bereit oder verpflichtet, an Streitbeilegungsverfahren vor einer Verbraucherschlichtungsstelle teilzunehmen.<\/p>\r\n\r\n<p>Quelle:<\/p>\r\n\r\n<p><a href=\"https:\/\/www.e-recht24.de\/impressum-generator.html\">https:\/\/www.e-recht24.de\/impressum-<\/a><a href=\"https:\/\/www.e-recht24.de\/impressum-generator.html\" target=\"_blank\" rel=\"noreferrer noopener nofollow\">generator.html<\/a><\/p>\r\n\r\n<p>&nbsp;<\/p>\r\n[\/vc_column_text][\/vc_column][\/vc_row]","protected":false},"excerpt":{"rendered":"<p>[vc_row][vc_column][vc_column_text] Angaben gem\u00e4\u00df \u00a7 5 TMG Logop\u00e4die Oehm &amp; SommerPrinzenstra\u00dfe 547179 Duisburg Vertreten durch: Ulrike OehmClaudia Kettler-Sommer Kontakt Telefon: +49 203 405090Telefax: +49 203 5558670E-Mail: info\u2202sprachtherapie-duisburg.de Aufsichtsbeh\u00f6rde Land Nordrhein-Westfalen Staatskanzlei des Landes Nordrhein-WestfalenHorionplatz 140213 D\u00fcsseldorfDeutschland &nbsp; &nbsp; Berufsbezeichnung und berufsrechtliche Regelungen Berufsbezeichnung: Logop\u00e4de Zust\u00e4ndige Kammer:Land Nordrhein-Westfalen Staatskanzlei des Landes Nordrhein-WestfalenHorionplatz 140213 D\u00fcsseldorfDeutschland &nbsp; &nbsp; Verliehen&#8230;<\/p>\n","protected":false},"author":3,"featured_media":0,"parent":0,"menu_order":0,"comment_status":"closed","ping_status":"closed","template":"","meta":{"_crdt_document":"","_themeisle_gutenberg_block_has_review":false,"footnotes":""},"class_list":["post-18","page","type-page","status-publish","hentry"],"acf":[],"yoast_head":"<!-- This site is optimized with the Yoast SEO plugin v27.3 - https:\/\/yoast.com\/product\/yoast-seo-wordpress\/ -->\n<title>Impressum &#187; LOGOP\u00c4DIE OEHM &amp; SOMMER<\/title>\n<meta name=\"description\" content=\"Impressum der Webseite der Praxis Logop\u00e4die Oehm &amp; Sommer Duisburg und Dinslaken.\" \/>\n<meta name=\"robots\" content=\"index, follow, max-snippet:-1, max-image-preview:large, max-video-preview:-1\" \/>\n<link rel=\"canonical\" href=\"https:\/\/wp.sprachtherapie-duisburg.de\/aktuelles\/impressum\/\" \/>\n<meta property=\"og:locale\" content=\"de_DE\" \/>\n<meta property=\"og:type\" content=\"article\" \/>\n<meta property=\"og:title\" content=\"Impressum &#187; LOGOP\u00c4DIE OEHM &amp; SOMMER\" \/>\n<meta property=\"og:description\" content=\"Impressum der Webseite der Praxis Logop\u00e4die Oehm &amp; Sommer Duisburg und Dinslaken.\" \/>\n<meta property=\"og:url\" content=\"https:\/\/wp.sprachtherapie-duisburg.de\/aktuelles\/impressum\/\" \/>\n<meta property=\"og:site_name\" content=\"LOGOP\u00c4DIE OEHM &amp; SOMMER\" \/>\n<meta property=\"article:publisher\" content=\"https:\/\/www.facebook.com\/logoos\" \/>\n<meta property=\"article:modified_time\" content=\"2023-07-09T09:44:17+00:00\" \/>\n<meta name=\"twitter:card\" content=\"summary_large_image\" \/>\n<meta name=\"twitter:label1\" content=\"Gesch\u00e4tzte Lesezeit\" \/>\n\t<meta name=\"twitter:data1\" content=\"1\u00a0Minute\" \/>\n<script type=\"application\/ld+json\" class=\"yoast-schema-graph\">{\"@context\":\"https:\\\/\\\/schema.org\",\"@graph\":[{\"@type\":\"WebPage\",\"@id\":\"https:\\\/\\\/wp.sprachtherapie-duisburg.de\\\/aktuelles\\\/impressum\\\/\",\"url\":\"https:\\\/\\\/wp.sprachtherapie-duisburg.de\\\/aktuelles\\\/impressum\\\/\",\"name\":\"Impressum &#187; LOGOP\u00c4DIE OEHM &amp; SOMMER\",\"isPartOf\":{\"@id\":\"https:\\\/\\\/wp.sprachtherapie-duisburg.de\\\/aktuelles\\\/#website\"},\"datePublished\":\"2021-06-16T10:34:08+00:00\",\"dateModified\":\"2023-07-09T09:44:17+00:00\",\"description\":\"Impressum der Webseite der Praxis Logop\u00e4die Oehm & Sommer Duisburg und Dinslaken.\",\"breadcrumb\":{\"@id\":\"https:\\\/\\\/wp.sprachtherapie-duisburg.de\\\/aktuelles\\\/impressum\\\/#breadcrumb\"},\"inLanguage\":\"de\",\"potentialAction\":[{\"@type\":\"ReadAction\",\"target\":[\"https:\\\/\\\/wp.sprachtherapie-duisburg.de\\\/aktuelles\\\/impressum\\\/\"]}]},{\"@type\":\"BreadcrumbList\",\"@id\":\"https:\\\/\\\/wp.sprachtherapie-duisburg.de\\\/aktuelles\\\/impressum\\\/#breadcrumb\",\"itemListElement\":[{\"@type\":\"ListItem\",\"position\":1,\"name\":\"Startseite\",\"item\":\"https:\\\/\\\/wp.sprachtherapie-duisburg.de\\\/aktuelles\\\/\"},{\"@type\":\"ListItem\",\"position\":2,\"name\":\"Impressum\"}]},{\"@type\":\"WebSite\",\"@id\":\"https:\\\/\\\/wp.sprachtherapie-duisburg.de\\\/aktuelles\\\/#website\",\"url\":\"https:\\\/\\\/wp.sprachtherapie-duisburg.de\\\/aktuelles\\\/\",\"name\":\"LOGOP\u00c4DIE OEHM &amp; SOMMER\",\"description\":\"Sprachtherapie in Duisburg und Dinslaken\",\"publisher\":{\"@id\":\"https:\\\/\\\/wp.sprachtherapie-duisburg.de\\\/aktuelles\\\/#organization\"},\"potentialAction\":[{\"@type\":\"SearchAction\",\"target\":{\"@type\":\"EntryPoint\",\"urlTemplate\":\"https:\\\/\\\/wp.sprachtherapie-duisburg.de\\\/aktuelles\\\/?s={search_term_string}\"},\"query-input\":{\"@type\":\"PropertyValueSpecification\",\"valueRequired\":true,\"valueName\":\"search_term_string\"}}],\"inLanguage\":\"de\"},{\"@type\":\"Organization\",\"@id\":\"https:\\\/\\\/wp.sprachtherapie-duisburg.de\\\/aktuelles\\\/#organization\",\"name\":\"Logop\u00e4die Oehm & Sommer\",\"url\":\"https:\\\/\\\/wp.sprachtherapie-duisburg.de\\\/aktuelles\\\/\",\"logo\":{\"@type\":\"ImageObject\",\"inLanguage\":\"de\",\"@id\":\"https:\\\/\\\/wp.sprachtherapie-duisburg.de\\\/aktuelles\\\/#\\\/schema\\\/logo\\\/image\\\/\",\"url\":\"https:\\\/\\\/wp.sprachtherapie-duisburg.de\\\/wp-content\\\/uploads\\\/2021\\\/06\\\/Logo_2farbig_blau-gelb_aktuell-gespiegelt.png\",\"contentUrl\":\"https:\\\/\\\/wp.sprachtherapie-duisburg.de\\\/wp-content\\\/uploads\\\/2021\\\/06\\\/Logo_2farbig_blau-gelb_aktuell-gespiegelt.png\",\"width\":1886,\"height\":613,\"caption\":\"Logop\u00e4die Oehm & Sommer\"},\"image\":{\"@id\":\"https:\\\/\\\/wp.sprachtherapie-duisburg.de\\\/aktuelles\\\/#\\\/schema\\\/logo\\\/image\\\/\"},\"sameAs\":[\"https:\\\/\\\/www.facebook.com\\\/logoos\"]}]}<\/script>\n<!-- \/ Yoast SEO plugin. -->","yoast_head_json":{"title":"Impressum &#187; LOGOP\u00c4DIE OEHM &amp; SOMMER","description":"Impressum der Webseite der Praxis Logop\u00e4die Oehm & Sommer Duisburg und Dinslaken.","robots":{"index":"index","follow":"follow","max-snippet":"max-snippet:-1","max-image-preview":"max-image-preview:large","max-video-preview":"max-video-preview:-1"},"canonical":"https:\/\/wp.sprachtherapie-duisburg.de\/aktuelles\/impressum\/","og_locale":"de_DE","og_type":"article","og_title":"Impressum &#187; LOGOP\u00c4DIE OEHM &amp; SOMMER","og_description":"Impressum der Webseite der Praxis Logop\u00e4die Oehm & Sommer Duisburg und Dinslaken.","og_url":"https:\/\/wp.sprachtherapie-duisburg.de\/aktuelles\/impressum\/","og_site_name":"LOGOP\u00c4DIE OEHM &amp; SOMMER","article_publisher":"https:\/\/www.facebook.com\/logoos","article_modified_time":"2023-07-09T09:44:17+00:00","twitter_card":"summary_large_image","twitter_misc":{"Gesch\u00e4tzte Lesezeit":"1\u00a0Minute"},"schema":{"@context":"https:\/\/schema.org","@graph":[{"@type":"WebPage","@id":"https:\/\/wp.sprachtherapie-duisburg.de\/aktuelles\/impressum\/","url":"https:\/\/wp.sprachtherapie-duisburg.de\/aktuelles\/impressum\/","name":"Impressum &#187; LOGOP\u00c4DIE OEHM &amp; SOMMER","isPartOf":{"@id":"https:\/\/wp.sprachtherapie-duisburg.de\/aktuelles\/#website"},"datePublished":"2021-06-16T10:34:08+00:00","dateModified":"2023-07-09T09:44:17+00:00","description":"Impressum der Webseite der Praxis Logop\u00e4die Oehm & Sommer Duisburg und Dinslaken.","breadcrumb":{"@id":"https:\/\/wp.sprachtherapie-duisburg.de\/aktuelles\/impressum\/#breadcrumb"},"inLanguage":"de","potentialAction":[{"@type":"ReadAction","target":["https:\/\/wp.sprachtherapie-duisburg.de\/aktuelles\/impressum\/"]}]},{"@type":"BreadcrumbList","@id":"https:\/\/wp.sprachtherapie-duisburg.de\/aktuelles\/impressum\/#breadcrumb","itemListElement":[{"@type":"ListItem","position":1,"name":"Startseite","item":"https:\/\/wp.sprachtherapie-duisburg.de\/aktuelles\/"},{"@type":"ListItem","position":2,"name":"Impressum"}]},{"@type":"WebSite","@id":"https:\/\/wp.sprachtherapie-duisburg.de\/aktuelles\/#website","url":"https:\/\/wp.sprachtherapie-duisburg.de\/aktuelles\/","name":"LOGOP\u00c4DIE OEHM &amp; SOMMER","description":"Sprachtherapie in Duisburg und Dinslaken","publisher":{"@id":"https:\/\/wp.sprachtherapie-duisburg.de\/aktuelles\/#organization"},"potentialAction":[{"@type":"SearchAction","target":{"@type":"EntryPoint","urlTemplate":"https:\/\/wp.sprachtherapie-duisburg.de\/aktuelles\/?s={search_term_string}"},"query-input":{"@type":"PropertyValueSpecification","valueRequired":true,"valueName":"search_term_string"}}],"inLanguage":"de"},{"@type":"Organization","@id":"https:\/\/wp.sprachtherapie-duisburg.de\/aktuelles\/#organization","name":"Logop\u00e4die Oehm & Sommer","url":"https:\/\/wp.sprachtherapie-duisburg.de\/aktuelles\/","logo":{"@type":"ImageObject","inLanguage":"de","@id":"https:\/\/wp.sprachtherapie-duisburg.de\/aktuelles\/#\/schema\/logo\/image\/","url":"https:\/\/wp.sprachtherapie-duisburg.de\/wp-content\/uploads\/2021\/06\/Logo_2farbig_blau-gelb_aktuell-gespiegelt.png","contentUrl":"https:\/\/wp.sprachtherapie-duisburg.de\/wp-content\/uploads\/2021\/06\/Logo_2farbig_blau-gelb_aktuell-gespiegelt.png","width":1886,"height":613,"caption":"Logop\u00e4die Oehm & Sommer"},"image":{"@id":"https:\/\/wp.sprachtherapie-duisburg.de\/aktuelles\/#\/schema\/logo\/image\/"},"sameAs":["https:\/\/www.facebook.com\/logoos"]}]}},"jetpack-related-posts":[{"id":259,"url":"https:\/\/wp.sprachtherapie-duisburg.de\/aktuelles\/our-team\/","url_meta":{"origin":18,"position":0},"title":"Unsere Teams","author":"OS","date":"21. Februar 2017","format":false,"excerpt":"[vc_row][vc_column][\/vc_column][\/vc_row][vc_row][vc_column][vc_text_separator title=\"PRAXIS IM GESUNDHEITSZENTRUM WALSUM\" i_icon_fontawesome=\"fas fa-home\" i_background_style=\"rounded\" i_size=\"lg\" border_width=\"3\" css_animation=\"bottom-to-top\" add_icon=\"true\"][\/vc_column][\/vc_row][vc_row][vc_column parallax=\"content-moving\"][vc_text_separator title=\"PRAXIS AM JUBIL\u00c4UMSHAIN\" i_icon_fontawesome=\"fas fa-home\" i_background_style=\"rounded\" i_size=\"lg\" border_width=\"3\" add_icon=\"true\"][\/vc_column][\/vc_row][vc_row][vc_column][vc_text_separator title=\"PRAXIS VIERLINDEN\" i_icon_fontawesome=\"fas fa-home\" i_background_style=\"rounded\" i_size=\"lg\" border_width=\"3\" add_icon=\"true\"][vc_text_separator title=\"PRAXIS DINSLAKEN EPPINGHOVEN\" i_icon_fontawesome=\"fas fa-home\" i_background_style=\"rounded\" i_size=\"lg\" border_width=\"3\" add_icon=\"true\"][\/vc_column][\/vc_row]","rel":"","context":"\u00c4hnlicher Beitrag","block_context":{"text":"\u00c4hnlicher Beitrag","link":""},"img":{"alt_text":"","src":"","width":0,"height":0},"classes":[]},{"id":1322,"url":"https:\/\/wp.sprachtherapie-duisburg.de\/aktuelles\/jobs\/","url_meta":{"origin":18,"position":1},"title":"Jobs bei Logop\u00e4die Oehm &#038; Sommer","author":"OS","date":"19. April 2023","format":false,"excerpt":"12 \/ 2025 Du bist Logop\u00e4din \/ Logop\u00e4de, akademische Sprachtherapeutin \/ Sprachtherapeut oder klinische Linguistin \/ Linguist? (m\/w\/d) Dann bewirb dich jetzt bei uns! Wo du uns findest: Am Jubil\u00e4umshain in Duisburg-R\u00f6ttgersbach \u2013 gemeinsam mit Ergo- und Physiotherapie sowie Kinder- und Jugendlichenpsychotherapie Im Gesundheitszentrum Walsum in Duisburg-Aldenrade \u2013 mit Ergo-\u2026","rel":"","context":"\u00c4hnlicher Beitrag","block_context":{"text":"\u00c4hnlicher Beitrag","link":""},"img":{"alt_text":"","src":"","width":0,"height":0},"classes":[]},{"id":3,"url":"https:\/\/wp.sprachtherapie-duisburg.de\/aktuelles\/privacy-policy\/","url_meta":{"origin":18,"position":2},"title":"Datenschutzerkl\u00e4rung","author":"OS","date":"16. Juni 2021","format":false,"excerpt":"1. Datenschutz auf einen Blick\u00a0Allgemeine Hinweise Die folgenden Hinweise geben einen einfachen \u00dcberblick dar\u00fcber, was mit Ihren personenbezogenen Daten passiert, wenn Sie diese Website besuchen. Personenbezogene Daten sind alle Daten, mit denen Sie pers\u00f6nlich identifiziert werden k\u00f6nnen. Ausf\u00fchrliche Informationen zum Thema Datenschutz entnehmen Sie unserer unter diesem Text aufgef\u00fchrten Datenschutzerkl\u00e4rung.\u2026","rel":"","context":"\u00c4hnlicher Beitrag","block_context":{"text":"\u00c4hnlicher Beitrag","link":""},"img":{"alt_text":"","src":"","width":0,"height":0},"classes":[]},{"id":261,"url":"https:\/\/wp.sprachtherapie-duisburg.de\/aktuelles\/contact\/","url_meta":{"origin":18,"position":3},"title":"Kontakt","author":"OS","date":"21. Februar 2017","format":false,"excerpt":"[vc_row][vc_column][vc_column_text css_animation=\"none\"] Sprachtherapie Oehm & Sommer Duisburg Marxloh, Walsum, Vierlinden und Dinslaken-Eppinghoven \u00a0 \u00a0 [\/vc_column_text][\/vc_column][\/vc_row][vc_row][vc_column][\/vc_column][\/vc_row][vc_row][vc_column][vc_column_text] Wahlweise k\u00f6nnen Sie uns auch gerne \u00fcber Ihr vertrautes Emailprogramm kontaktieren unter: info@sprachtherapie-duisburg.de [\/vc_column_text][\/vc_column][\/vc_row]","rel":"","context":"\u00c4hnlicher Beitrag","block_context":{"text":"\u00c4hnlicher Beitrag","link":""},"img":{"alt_text":"Kontaktiere uns gern.","src":"https:\/\/i0.wp.com\/wp.sprachtherapie-duisburg.de\/wp-content\/uploads\/2022\/04\/DSC_0247.jpg?fit=900%2C375&ssl=1&resize=350%2C200","width":350,"height":200,"srcset":"https:\/\/i0.wp.com\/wp.sprachtherapie-duisburg.de\/wp-content\/uploads\/2022\/04\/DSC_0247.jpg?fit=900%2C375&ssl=1&resize=350%2C200 1x, https:\/\/i0.wp.com\/wp.sprachtherapie-duisburg.de\/wp-content\/uploads\/2022\/04\/DSC_0247.jpg?fit=900%2C375&ssl=1&resize=525%2C300 1.5x, https:\/\/i0.wp.com\/wp.sprachtherapie-duisburg.de\/wp-content\/uploads\/2022\/04\/DSC_0247.jpg?fit=900%2C375&ssl=1&resize=700%2C400 2x"},"classes":[]},{"id":1586,"url":"https:\/\/wp.sprachtherapie-duisburg.de\/aktuelles\/ihre-meinung_2026\/","url_meta":{"origin":18,"position":4},"title":"Ihre Meinung","author":"OS","date":"13. Juni 2025","format":false,"excerpt":"[vc_row][vc_column][vc_column_text css_animation=\"none\"] Sprachtherapie Oehm & Sommer Duisburg Marxloh, Walsum, Vierlinden und Dinslaken-Eppinghoven [\/vc_column_text][\/vc_column][vc_column][vc_column_text] Liebe Patientin, lieber Patient, liebe Eltern! Sie bzw. Ihr Kind erhalten zurzeit in unserer Praxis Sprachtherapie. Ihre Zufriedenheit liegt uns sehr am Herzen. Wir m\u00f6chten die Qualit\u00e4t unserer Praxis weiter verbessern, wof\u00fcr uns Ihre Meinung besonders wichtig\u2026","rel":"","context":"\u00c4hnlicher Beitrag","block_context":{"text":"\u00c4hnlicher Beitrag","link":""},"img":{"alt_text":"Kontaktiere uns gern.","src":"https:\/\/i0.wp.com\/wp.sprachtherapie-duisburg.de\/wp-content\/uploads\/2022\/04\/DSC_0247.jpg?fit=900%2C375&ssl=1&resize=350%2C200","width":350,"height":200,"srcset":"https:\/\/i0.wp.com\/wp.sprachtherapie-duisburg.de\/wp-content\/uploads\/2022\/04\/DSC_0247.jpg?fit=900%2C375&ssl=1&resize=350%2C200 1x, https:\/\/i0.wp.com\/wp.sprachtherapie-duisburg.de\/wp-content\/uploads\/2022\/04\/DSC_0247.jpg?fit=900%2C375&ssl=1&resize=525%2C300 1.5x, https:\/\/i0.wp.com\/wp.sprachtherapie-duisburg.de\/wp-content\/uploads\/2022\/04\/DSC_0247.jpg?fit=900%2C375&ssl=1&resize=700%2C400 2x"},"classes":[]},{"id":26,"url":"https:\/\/wp.sprachtherapie-duisburg.de\/aktuelles\/leistungen\/","url_meta":{"origin":18,"position":5},"title":"Leistungsspektrum","author":"OS","date":"16. Juni 2021","format":false,"excerpt":"[vc_row][vc_column css_animation=\"fadeIn\"][vc_empty_space height=\"40px\"][vc_column_text] DIE THERAPIE [\/vc_column_text][vc_column_text css_animation=\"bottom-to-top\"] Wir behandeln alle Formen von Entwicklungsst\u00f6rungen der kindlichen Sprache verbale Entwicklungsdyspraxien myofunktionelle St\u00f6rungen Stottern bei Kindern, Jugendlichen und Erwachsenen neurologisch bedingte Sprach-, Sprech- und Schluckst\u00f6rungen bei Kindern, Jugendlichen und Erwachsenen Stimmst\u00f6rungen Lese-, Rechtschreib- und Rechenst\u00f6rung (LRS \/ Dyskalkulie) Menschen mit Mehrfachbehinderungen Ess-, Trink-\u2026","rel":"","context":"\u00c4hnlicher Beitrag","block_context":{"text":"\u00c4hnlicher Beitrag","link":""},"img":{"alt_text":"","src":"https:\/\/i0.wp.com\/wp.sprachtherapie-duisburg.de\/wp-content\/uploads\/2022\/04\/DSC_0243.jpg?fit=520%2C340&ssl=1&resize=350%2C200","width":350,"height":200},"classes":[]}],"jetpack_sharing_enabled":true,"_links":{"self":[{"href":"https:\/\/wp.sprachtherapie-duisburg.de\/aktuelles\/wp-json\/wp\/v2\/pages\/18","targetHints":{"allow":["GET"]}}],"collection":[{"href":"https:\/\/wp.sprachtherapie-duisburg.de\/aktuelles\/wp-json\/wp\/v2\/pages"}],"about":[{"href":"https:\/\/wp.sprachtherapie-duisburg.de\/aktuelles\/wp-json\/wp\/v2\/types\/page"}],"author":[{"embeddable":true,"href":"https:\/\/wp.sprachtherapie-duisburg.de\/aktuelles\/wp-json\/wp\/v2\/users\/3"}],"replies":[{"embeddable":true,"href":"https:\/\/wp.sprachtherapie-duisburg.de\/aktuelles\/wp-json\/wp\/v2\/comments?post=18"}],"version-history":[{"count":10,"href":"https:\/\/wp.sprachtherapie-duisburg.de\/aktuelles\/wp-json\/wp\/v2\/pages\/18\/revisions"}],"predecessor-version":[{"id":1351,"href":"https:\/\/wp.sprachtherapie-duisburg.de\/aktuelles\/wp-json\/wp\/v2\/pages\/18\/revisions\/1351"}],"wp:attachment":[{"href":"https:\/\/wp.sprachtherapie-duisburg.de\/aktuelles\/wp-json\/wp\/v2\/media?parent=18"}],"curies":[{"name":"wp","href":"https:\/\/api.w.org\/{rel}","templated":true}]}}